{"id":69,"date":"2025-11-22T01:37:31","date_gmt":"2025-11-22T01:37:31","guid":{"rendered":"https:\/\/greenyellow-jay-716874.hostingersite.com\/?page_id=69"},"modified":"2025-12-02T00:34:32","modified_gmt":"2025-12-02T00:34:32","slug":"conditions-d-utilisation","status":"publish","type":"page","link":"https:\/\/waterpurityhub.com\/de\/conditions-d-utilisation","title":{"rendered":"Conditions d&rsquo;utilisation"},"content":{"rendered":"<div data-elementor-type=\"wp-page\" data-elementor-id=\"69\" class=\"elementor elementor-69\" data-elementor-post-type=\"page\">\n\t\t\t\t\t\t<section class=\"elementor-section elementor-top-section elementor-element elementor-element-a6a3719 elementor-section-boxed elementor-section-height-default elementor-section-height-default\" data-id=\"a6a3719\" data-element_type=\"section\" data-e-type=\"section\" data-settings=\"{&quot;background_background&quot;:&quot;classic&quot;}\">\n\t\t\t\t\t\t<div class=\"elementor-container elementor-column-gap-no\">\n\t\t\t\t\t<div class=\"elementor-column elementor-col-100 elementor-top-column elementor-element elementor-element-82b177c\" data-id=\"82b177c\" data-element_type=\"column\" data-e-type=\"column\" data-settings=\"{&quot;background_background&quot;:&quot;classic&quot;}\">\n\t\t\t<div class=\"elementor-widget-wrap elementor-element-populated\">\n\t\t\t\t\t\t<div class=\"elementor-element elementor-element-5a7ba2f elementor-widget elementor-widget-heading\" data-id=\"5a7ba2f\" data-element_type=\"widget\" data-e-type=\"widget\" data-widget_type=\"heading.default\">\n\t\t\t\t<div class=\"elementor-widget-container\">\n\t\t\t\t\t<h2 class=\"elementor-heading-title elementor-size-default\">Conditions d'utilisation\n<\/h2>\t\t\t\t<\/div>\n\t\t\t\t<\/div>\n\t\t\t\t<section class=\"elementor-section elementor-inner-section elementor-element elementor-element-0f2b13a elementor-section-boxed elementor-section-height-default elementor-section-height-default\" data-id=\"0f2b13a\" data-element_type=\"section\" data-e-type=\"section\">\n\t\t\t\t\t\t<div class=\"elementor-container elementor-column-gap-no\">\n\t\t\t\t\t<div class=\"elementor-column elementor-col-100 elementor-inner-column elementor-element elementor-element-b122dbc\" data-id=\"b122dbc\" data-element_type=\"column\" data-e-type=\"column\">\n\t\t\t<div class=\"elementor-widget-wrap elementor-element-populated\">\n\t\t\t\t\t\t<div class=\"elementor-element elementor-element-0bf963e elementor-widget elementor-widget-heading\" data-id=\"0bf963e\" data-element_type=\"widget\" data-e-type=\"widget\" data-widget_type=\"heading.default\">\n\t\t\t\t<div class=\"elementor-widget-container\">\n\t\t\t\t\t<h2 class=\"elementor-heading-title elementor-size-default\">Veuillez lire attentivement ces conditions d'utilisation.\n\n<\/h2>\t\t\t\t<\/div>\n\t\t\t\t<\/div>\n\t\t\t\t<div class=\"elementor-element elementor-element-3d03750 elementor-widget elementor-widget-heading\" data-id=\"3d03750\" data-element_type=\"widget\" data-e-type=\"widget\" data-widget_type=\"heading.default\">\n\t\t\t\t<div class=\"elementor-widget-container\">\n\t\t\t\t\t<h2 class=\"elementor-heading-title elementor-size-default\">1. Acceptation des conditions<\/h2>\t\t\t\t<\/div>\n\t\t\t\t<\/div>\n\t\t\t\t<div class=\"elementor-element elementor-element-2e14f96 elementor-widget elementor-widget-text-editor\" data-id=\"2e14f96\" data-element_type=\"widget\" data-e-type=\"widget\" data-widget_type=\"text-editor.default\">\n\t\t\t\t<div class=\"elementor-widget-container\">\n\t\t\t\t\t\t\t\t\t<p>En utilisant WaterPurityHub.com, vous acceptez d&rsquo;\u00eatre li\u00e9 par ces conditions d&rsquo;utilisation, toutes les lois et r\u00e9glementations applicables et vous acceptez que vous \u00eates responsable de la conformit\u00e9 avec les lois locales applicables. Si vous n&rsquo;\u00eates pas d&rsquo;accord avec l&rsquo;une de ces conditions, vous \u00eates interdit d&rsquo;utiliser ou d&rsquo;acc\u00e9der \u00e0 ce site.<\/p>\t\t\t\t\t\t\t\t<\/div>\n\t\t\t\t<\/div>\n\t\t\t\t<div class=\"elementor-element elementor-element-2c17034 elementor-widget elementor-widget-heading\" data-id=\"2c17034\" data-element_type=\"widget\" data-e-type=\"widget\" data-widget_type=\"heading.default\">\n\t\t\t\t<div class=\"elementor-widget-container\">\n\t\t\t\t\t<h2 class=\"elementor-heading-title elementor-size-default\">2. Licence d'utilisation<\/h2>\t\t\t\t<\/div>\n\t\t\t\t<\/div>\n\t\t\t\t<div class=\"elementor-element elementor-element-4da92e9 elementor-widget elementor-widget-text-editor\" data-id=\"4da92e9\" data-element_type=\"widget\" data-e-type=\"widget\" data-widget_type=\"text-editor.default\">\n\t\t\t\t<div class=\"elementor-widget-container\">\n\t\t\t\t\t\t\t\t\t<p>Permission est accord\u00e9e de t\u00e9l\u00e9charger temporairement une copie des mat\u00e9riaux (informations ou logiciels) sur WaterPurityHub.com pour un visionnement transitoire personnel et non commercial seulement. Ceci est l&rsquo;octroi d&rsquo;une licence, pas un transfert de titre, et sous cette licence, vous ne pouvez pas :<\/p>\t\t\t\t\t\t\t\t<\/div>\n\t\t\t\t<\/div>\n\t\t\t\t<div class=\"elementor-element elementor-element-79532d0 elementor-widget elementor-widget-text-editor\" data-id=\"79532d0\" data-element_type=\"widget\" data-e-type=\"widget\" data-widget_type=\"text-editor.default\">\n\t\t\t\t<div class=\"elementor-widget-container\">\n\t\t\t\t\t\t\t\t\t<ul><li>modifier ou copier les mat\u00e9riaux ;<\/li><li>utiliser les mat\u00e9riaux \u00e0 des fins commerciales, ou pour toute exposition publique (commerciale ou non commerciale) ;<\/li><li>retirer les droits d&rsquo;auteur ou autres notations de propri\u00e9t\u00e9 des mat\u00e9riaux ;<\/li><li>transf\u00e9rer les mat\u00e9riaux \u00e0 une autre personne ou \u00ab\u00a0miroir\u00a0\u00bb les mat\u00e9riaux sur un autre serveur.<\/li><\/ul>\t\t\t\t\t\t\t\t<\/div>\n\t\t\t\t<\/div>\n\t\t\t\t<div class=\"elementor-element elementor-element-2ad16cc elementor-widget elementor-widget-text-editor\" data-id=\"2ad16cc\" data-element_type=\"widget\" data-e-type=\"widget\" data-widget_type=\"text-editor.default\">\n\t\t\t\t<div class=\"elementor-widget-container\">\n\t\t\t\t\t\t\t\t\t<p>Cette licence sera automatiquement r\u00e9sili\u00e9e si vous violez l&rsquo;une de ces restrictions et peut \u00eatre r\u00e9sili\u00e9e par WaterPurityHub.com \u00e0 tout moment. Lors de la fin de votre visionnement de ces mat\u00e9riaux ou \u00e0 la fin de cette licence, vous devez d\u00e9truire tous les mat\u00e9riaux t\u00e9l\u00e9charg\u00e9s en votre possession, qu&rsquo;ils soient en format \u00e9lectronique ou imprim\u00e9.<\/p>\t\t\t\t\t\t\t\t<\/div>\n\t\t\t\t<\/div>\n\t\t\t\t<div class=\"elementor-element elementor-element-830845c elementor-widget elementor-widget-heading\" data-id=\"830845c\" data-element_type=\"widget\" data-e-type=\"widget\" data-widget_type=\"heading.default\">\n\t\t\t\t<div class=\"elementor-widget-container\">\n\t\t\t\t\t<h2 class=\"elementor-heading-title elementor-size-default\">3. Clause de non-responsabilit\u00e9<\/h2>\t\t\t\t<\/div>\n\t\t\t\t<\/div>\n\t\t\t\t<div class=\"elementor-element elementor-element-7a38436 elementor-widget elementor-widget-text-editor\" data-id=\"7a38436\" data-element_type=\"widget\" data-e-type=\"widget\" data-widget_type=\"text-editor.default\">\n\t\t\t\t<div class=\"elementor-widget-container\">\n\t\t\t\t\t\t\t\t\t<p>Les mat\u00e9riaux sur WaterPurityHub.com sont fournis \u00ab\u00a0tels quels\u00a0\u00bb. WaterPurityHub.com ne fait aucune garantie, exprim\u00e9e ou implicite, et d\u00e9cline par la pr\u00e9sente et annule toutes les autres garanties, y compris sans limitation, les garanties implicites ou les conditions de qualit\u00e9 marchande, d&rsquo;ad\u00e9quation \u00e0 un usage particulier, ou de non-violation des droits de propri\u00e9t\u00e9 intellectuelle ou d&rsquo;autres violations des droits.<\/p>\t\t\t\t\t\t\t\t<\/div>\n\t\t\t\t<\/div>\n\t\t\t\t<div class=\"elementor-element elementor-element-4f472f6 elementor-widget elementor-widget-heading\" data-id=\"4f472f6\" data-element_type=\"widget\" data-e-type=\"widget\" data-widget_type=\"heading.default\">\n\t\t\t\t<div class=\"elementor-widget-container\">\n\t\t\t\t\t<h2 class=\"elementor-heading-title elementor-size-default\">4. Limitations<\/h2>\t\t\t\t<\/div>\n\t\t\t\t<\/div>\n\t\t\t\t<div class=\"elementor-element elementor-element-a319a32 elementor-widget elementor-widget-text-editor\" data-id=\"a319a32\" data-element_type=\"widget\" data-e-type=\"widget\" data-widget_type=\"text-editor.default\">\n\t\t\t\t<div class=\"elementor-widget-container\">\n\t\t\t\t\t\t\t\t\t<p>En aucun cas, WaterPurityHub.com ou ses fournisseurs et partenaires ne seront responsables de tout dommage (y compris, sans limitation, les dommages pour perte de donn\u00e9es ou de profit, ou en raison d&rsquo;une interruption d&rsquo;entreprise) d\u00e9coulant de l&rsquo;utilisation ou de l&rsquo;incapacit\u00e9 \u00e0 utiliser les mat\u00e9riaux sur WaterPurityHub.com, m\u00eame si WaterPurityHub.com ou un repr\u00e9sentant autoris\u00e9 de WaterPurityHub.com a \u00e9t\u00e9 notifi\u00e9 oralement ou par \u00e9crit de la possibilit\u00e9 de tels dommages.<\/p>\t\t\t\t\t\t\t\t<\/div>\n\t\t\t\t<\/div>\n\t\t\t\t<div class=\"elementor-element elementor-element-cb44aa8 elementor-widget elementor-widget-heading\" data-id=\"cb44aa8\" data-element_type=\"widget\" data-e-type=\"widget\" data-widget_type=\"heading.default\">\n\t\t\t\t<div class=\"elementor-widget-container\">\n\t\t\t\t\t<h2 class=\"elementor-heading-title elementor-size-default\">5. R\u00e9visions et errata<\/h2>\t\t\t\t<\/div>\n\t\t\t\t<\/div>\n\t\t\t\t<div class=\"elementor-element elementor-element-e71b1bf elementor-widget elementor-widget-text-editor\" data-id=\"e71b1bf\" data-element_type=\"widget\" data-e-type=\"widget\" data-widget_type=\"text-editor.default\">\n\t\t\t\t<div class=\"elementor-widget-container\">\n\t\t\t\t\t\t\t\t\t<p>Les mat\u00e9riaux apparaissant sur WaterPurityHub.com pourraient inclure des erreurs techniques, typographiques ou photographiques. WaterPurityHub.com ne garantit pas que l&rsquo;un des mat\u00e9riaux sur son site Web sont exacts, complets ou \u00e0 jour. WaterPurityHub.com peut apporter des modifications aux mat\u00e9riaux contenus sur son site Web \u00e0 tout moment sans pr\u00e9avis. WaterPurityHub.com ne s&rsquo;engage pas \u00e0 mettre \u00e0 jour les mat\u00e9riaux.<\/p>\t\t\t\t\t\t\t\t<\/div>\n\t\t\t\t<\/div>\n\t\t\t\t<div class=\"elementor-element elementor-element-662169e elementor-widget elementor-widget-heading\" data-id=\"662169e\" data-element_type=\"widget\" data-e-type=\"widget\" data-widget_type=\"heading.default\">\n\t\t\t\t<div class=\"elementor-widget-container\">\n\t\t\t\t\t<h2 class=\"elementor-heading-title elementor-size-default\">6. Liens<\/h2>\t\t\t\t<\/div>\n\t\t\t\t<\/div>\n\t\t\t\t<div class=\"elementor-element elementor-element-5161143 elementor-widget elementor-widget-text-editor\" data-id=\"5161143\" data-element_type=\"widget\" data-e-type=\"widget\" data-widget_type=\"text-editor.default\">\n\t\t\t\t<div class=\"elementor-widget-container\">\n\t\t\t\t\t\t\t\t\t<p>WaterPurityHub.com n&rsquo;a pas examin\u00e9 tous les sites li\u00e9s \u00e0 son site Internet et n&rsquo;est pas responsable du contenu de ces sites li\u00e9s. L&rsquo;inclusion de tout lien n&rsquo;implique pas l&rsquo;approbation par WaterPurityHub.com du site. L&rsquo;utilisation de tout site Web li\u00e9 est aux risques et p\u00e9rils de l&rsquo;utilisateur.<\/p>\t\t\t\t\t\t\t\t<\/div>\n\t\t\t\t<\/div>\n\t\t\t\t<div class=\"elementor-element elementor-element-aaf02da elementor-widget elementor-widget-heading\" data-id=\"aaf02da\" data-element_type=\"widget\" data-e-type=\"widget\" data-widget_type=\"heading.default\">\n\t\t\t\t<div class=\"elementor-widget-container\">\n\t\t\t\t\t<h2 class=\"elementor-heading-title elementor-size-default\">7. Modifications des conditions d'utilisation<\/h2>\t\t\t\t<\/div>\n\t\t\t\t<\/div>\n\t\t\t\t<div class=\"elementor-element elementor-element-66182c3 elementor-widget elementor-widget-text-editor\" data-id=\"66182c3\" data-element_type=\"widget\" data-e-type=\"widget\" data-widget_type=\"text-editor.default\">\n\t\t\t\t<div class=\"elementor-widget-container\">\n\t\t\t\t\t\t\t\t\t<p>WaterPurityHub.com peut r\u00e9viser ces conditions d&rsquo;utilisation de son site Web \u00e0 tout moment sans pr\u00e9avis. En utilisant ce site Web, vous acceptez d&rsquo;\u00eatre li\u00e9 par la version alors actuelle de ces Conditions d&rsquo;utilisation.<\/p>\t\t\t\t\t\t\t\t<\/div>\n\t\t\t\t<\/div>\n\t\t\t\t<div class=\"elementor-element elementor-element-b4011fc elementor-widget elementor-widget-heading\" data-id=\"b4011fc\" data-element_type=\"widget\" data-e-type=\"widget\" data-widget_type=\"heading.default\">\n\t\t\t\t<div class=\"elementor-widget-container\">\n\t\t\t\t\t<h2 class=\"elementor-heading-title elementor-size-default\">8. Loi r\u00e9gissante<\/h2>\t\t\t\t<\/div>\n\t\t\t\t<\/div>\n\t\t\t\t<div class=\"elementor-element elementor-element-b6b8e7e elementor-widget elementor-widget-text-editor\" data-id=\"b6b8e7e\" data-element_type=\"widget\" data-e-type=\"widget\" data-widget_type=\"text-editor.default\">\n\t\t\t\t<div class=\"elementor-widget-container\">\n\t\t\t\t\t\t\t\t\t<p>Tout litige relatif au site Web de WaterPurityHub.com sera r\u00e9gi par les lois du pays de l&rsquo;h\u00e9bergeur du site sans \u00e9gard \u00e0 son conflit de dispositions l\u00e9gales.<\/p>\t\t\t\t\t\t\t\t<\/div>\n\t\t\t\t<\/div>\n\t\t\t\t\t<\/div>\n\t\t<\/div>\n\t\t\t\t\t<\/div>\n\t\t<\/section>\n\t\t\t\t\t<\/div>\n\t\t<\/div>\n\t\t\t\t\t<\/div>\n\t\t<\/section>\n\t\t\t\t<\/div>","protected":false},"excerpt":{"rendered":"<p>Conditions d&rsquo;utilisation Veuillez lire attentivement ces conditions d&rsquo;utilisation. 1. Acceptation des conditions En utilisant waterpurityhub.com, vous acceptez d&rsquo;\u00eatre li\u00e9 par [&hellip;]<\/p>","protected":false},"author":2,"featured_media":0,"parent":0,"menu_order":0,"comment_status":"closed","ping_status":"closed","template":"elementor_canvas","meta":{"site-sidebar-layout":"no-sidebar","site-content-layout":"","ast-site-content-layout":"full-width-container","site-content-style":"default","site-sidebar-style":"default","ast-global-header-display":"","ast-banner-title-visibility":"","ast-main-header-display":"","ast-hfb-above-header-display":"","ast-hfb-below-header-display":"","ast-hfb-mobile-header-display":"","site-post-title":"","ast-breadcrumbs-content":"","ast-featured-img":"disabled","footer-sml-layout":"","ast-disable-related-posts":"","theme-transparent-header-meta":"","adv-header-id-meta":"","stick-header-meta":"","header-above-stick-meta":"","header-main-stick-meta":"","header-below-stick-meta":"","astra-migrate-meta-layouts":"default","ast-page-background-enabled":"default","ast-page-background-meta":{"desktop":{"background-color":"var(--ast-global-color-5)","background-image":"","background-repeat":"repeat","background-position":"center center","background-size":"auto","background-attachment":"scroll","background-type":"","background-media":"","overlay-type":"","overlay-color":"","overlay-opacity":"","overlay-gradient":""},"tablet":{"background-color":"","background-image":"","background-repeat":"repeat","background-position":"center center","background-size":"auto","background-attachment":"scroll","background-type":"","background-media":"","overlay-type":"","overlay-color":"","overlay-opacity":"","overlay-gradient":""},"mobile":{"background-color":"","background-image":"","background-repeat":"repeat","background-position":"center center","background-size":"auto","background-attachment":"scroll","background-type":"","background-media":"","overlay-type":"","overlay-color":"","overlay-opacity":"","overlay-gradient":""}},"ast-content-background-meta":{"desktop":{"background-color":"var(--ast-global-color-4)","background-image":"","background-repeat":"repeat","background-position":"center center","background-size":"auto","background-attachment":"scroll","background-type":"","background-media":"","overlay-type":"","overlay-color":"","overlay-opacity":"","overlay-gradient":""},"tablet":{"background-color":"var(--ast-global-color-4)","background-image":"","background-repeat":"repeat","background-position":"center center","background-size":"auto","background-attachment":"scroll","background-type":"","background-media":"","overlay-type":"","overlay-color":"","overlay-opacity":"","overlay-gradient":""},"mobile":{"background-color":"var(--ast-global-color-4)","background-image":"","background-repeat":"repeat","background-position":"center center","background-size":"auto","background-attachment":"scroll","background-type":"","background-media":"","overlay-type":"","overlay-color":"","overlay-opacity":"","overlay-gradient":""}},"footnotes":""},"class_list":["post-69","page","type-page","status-publish","hentry"],"_hostinger_reach_plugin_has_subscription_block":false,"_hostinger_reach_plugin_is_elementor":false,"_links":{"self":[{"href":"https:\/\/waterpurityhub.com\/de\/wp-json\/wp\/v2\/pages\/69","targetHints":{"allow":["GET"]}}],"collection":[{"href":"https:\/\/waterpurityhub.com\/de\/wp-json\/wp\/v2\/pages"}],"about":[{"href":"https:\/\/waterpurityhub.com\/de\/wp-json\/wp\/v2\/types\/page"}],"author":[{"embeddable":true,"href":"https:\/\/waterpurityhub.com\/de\/wp-json\/wp\/v2\/users\/2"}],"replies":[{"embeddable":true,"href":"https:\/\/waterpurityhub.com\/de\/wp-json\/wp\/v2\/comments?post=69"}],"version-history":[{"count":5,"href":"https:\/\/waterpurityhub.com\/de\/wp-json\/wp\/v2\/pages\/69\/revisions"}],"predecessor-version":[{"id":939,"href":"https:\/\/waterpurityhub.com\/de\/wp-json\/wp\/v2\/pages\/69\/revisions\/939"}],"wp:attachment":[{"href":"https:\/\/waterpurityhub.com\/de\/wp-json\/wp\/v2\/media?parent=69"}],"curies":[{"name":"wp","href":"https:\/\/api.w.org\/{rel}","templated":true}]}}